{"id":27,"date":"2023-05-29T08:42:14","date_gmt":"2023-05-29T13:42:14","guid":{"rendered":"https:\/\/develop.phillips66.com\/76com\/\/?page_id=27"},"modified":"2025-12-10T09:33:20","modified_gmt":"2025-12-10T15:33:20","slug":"promociones-y-ofertas","status":"publish","type":"page","link":"https:\/\/develop.phillips66.com\/76com\/es\/promociones-y-ofertas\/","title":{"rendered":"Promociones y Ofertas"},"content":{"rendered":"<div class=\"split-card has-media-on-the-left wp-block-psx-split-card\">\n\t<picture class=\"split-card__image-wrapper\">\n\t\t<source srcset=\"https:\/\/phillips66.widen.net\/content\/ihjukdbjwb\/jpeg\/P66-0884%20FF%20Spanish%20Web%20Banner%20640x640.jpeg?position=c&#038;color=ffffffff&#038;quality=100&#038;u=4ny3tt 375w\" sizes=\"100vw\" media=\"(max-width: 47.938em)\">\n\t\t\t\t<source srcset=\"https:\/\/phillips66.widen.net\/content\/ihjukdbjwb\/jpeg\/P66-0884%20FF%20Spanish%20Web%20Banner%20640x640.jpeg?position=c&#038;color=ffffffff&#038;quality=100&#038;u=4ny3tt 1000w\" sizes=\"100vw\" media=\"(min-width: 48em)\">\n\t\t\t\t<img decoding=\"async\" class=\"split-card__image\" src=\"https:\/\/phillips66.widen.net\/content\/ihjukdbjwb\/jpeg\/P66-0884%20FF%20Spanish%20Web%20Banner%20640x640.jpeg?position=c&#038;color=ffffffff&#038;quality=100&#038;u=4ny3tt\" alt=\"Descarga acumula ahorra. Descarga la app Fuel Forward\u2122 y ve c\u00f3mo baja el precio por gal\u00f3n.\">\n\t\t\n\t<\/picture>\n\t<div class=\"split-card__content\">\n\t\t<div class=\"split-card__content-inner\">\n\t\t\t\n\n<h2 class=\"wp-block-heading has-76-blue-color has-text-color\">Acumula. <br>Acumula. <br>Acumula.<\/h2>\n\n\n\n<p>Y ahorra. Acumula ofertas para bajar el precio de tu gasolina. Aplican t\u00e9rminos y condiciones.<\/p>\n\n\n\n<p><\/p>\n\n\n\n<div class=\"wp-block-buttons is-layout-flex wp-block-buttons-is-layout-flex\">\n<div class=\"wp-block-button\"><a class=\"wp-block-button__link wp-element-button\" href=\"https:\/\/staging.phillips66.com\/76com\/mobile-app\/\" target=\"_blank\" rel=\"noreferrer noopener\">Desc\u00e1rgala Ahora<\/a><\/div>\n<\/div>\n\n\n\n<p class=\"has-tiny-font-size\"><\/p>\n\n\t\t<\/div>\n\t<\/div>\n<\/div>\n\n\n<div class=\"split-card has-media-on-the-right wp-block-psx-split-card\">\n\t<picture class=\"split-card__image-wrapper\">\n\t\t<source srcset=\"https:\/\/phillips66.widen.net\/content\/mxs5yejruh\/jpeg\/P66-0884%20FF%20Web%20Tile%20640x640.jpeg?position=c&#038;color=ffffffff&#038;quality=100&#038;u=4ny3tt 375w\" sizes=\"100vw\" media=\"(max-width: 47.938em)\">\n\t\t\t\t<source srcset=\"https:\/\/phillips66.widen.net\/content\/mxs5yejruh\/jpeg\/P66-0884%20FF%20Web%20Tile%20640x640.jpeg?position=c&#038;color=ffffffff&#038;quality=100&#038;u=4ny3tt 1000w\" sizes=\"100vw\" media=\"(min-width: 48em)\">\n\t\t\t\t<img decoding=\"async\" class=\"split-card__image\" src=\"https:\/\/phillips66.widen.net\/content\/mxs5yejruh\/jpeg\/P66-0884%20FF%20Web%20Tile%20640x640.jpeg?position=c&#038;color=ffffffff&#038;quality=100&#038;u=4ny3tt\" alt=\"Fuel Forward\u2122 App logo\">\n\t\t\n\t<\/picture>\n\t<div class=\"split-card__content\">\n\t\t<div class=\"split-card__content-inner\">\n\t\t\t\n\n<h2 class=\"wp-block-heading has-76-blue-color has-text-color\">Descarga la app Fuel Forward<sup>\u00ae<\/sup>&nbsp;y ahorra 20\u00a2* por gal\u00f3n en tu primera compra.<\/h2>\n\n\n\n<p>La app Fuel Forward<sup>\u00ae<\/sup>&nbsp;es segura y confiable. Adem\u00e1s, por tiempo limitado, puedes ahorrar 20\u00a2* por gal\u00f3n en tu primera compra al descargar la app Fuel Forward<sup>\u00ae<\/sup>. Luego sigue ahorrando 5\u00a2* por gal\u00f3n cuando llenes tu tanque con la app Fuel Forward<sup>\u00ae<\/sup>. Desc\u00e1rgala hoy, configura tu billetera m\u00f3vil y gasta menos para llegar adondequiera que vayas. La oferta termina el 12\/31\/25.<\/p>\n\n\n\n<div class=\"wp-block-buttons is-layout-flex wp-block-buttons-is-layout-flex\">\n<div class=\"wp-block-button\"><a class=\"wp-block-button__link wp-element-button\" href=\"http:\/\/onelink.to\/xpxtfg\" target=\"_blank\" rel=\"noreferrer noopener\">Descargar Ahora<\/a><\/div>\n<\/div>\n\n\n\n<p class=\"has-tiny-font-size\">*20\u00a2 por gal\u00f3n es una combinaci\u00f3n de ahorros de 5\u00a2 de descuento por gal\u00f3n diarios m\u00e1s 15\u00a2 de descuento por gal\u00f3n adicionales para usuarios por primera vez (hasta 30 galones). Oferta v\u00e1lida una sola vez para usuarios nuevos de la app Fuel Forward<sup>\u00ae<\/sup>&nbsp;hasta el 12\/31\/2025. Solo en gasolineras participantes. Puede combinarse con otras ofertas. La oferta de 5\u00a2 de ahorro diario solo puede aplicarse una vez por transacci\u00f3n.<\/p>\n\n\t\t<\/div>\n\t<\/div>\n<\/div>\n\n\n<div class=\"split-card has-media-on-the-left wp-block-psx-split-card\">\n\t<picture class=\"split-card__image-wrapper\">\n\t\t<source srcset=\"https:\/\/phillips66.widen.net\/content\/u0rzlklqmx\/jpeg\/MobilePay_DirectPay_66_Promo_Tout_640x640_02.jpeg?keep=c&#038;crop=yes&#038;color=ffffffff&#038;quality=54&#038;u=mw5qdv 375w\" sizes=\"100vw\" media=\"(max-width: 47.938em)\">\n\t\t\t\t<source srcset=\"https:\/\/phillips66.widen.net\/content\/u0rzlklqmx\/jpeg\/MobilePay_DirectPay_66_Promo_Tout_640x640_02.jpeg?keep=c&#038;crop=yes&#038;color=ffffffff&#038;quality=54&#038;u=mw5qdv 1000w\" sizes=\"100vw\" media=\"(min-width: 48em)\">\n\t\t\t\t<img decoding=\"async\" class=\"split-card__image\" src=\"https:\/\/phillips66.widen.net\/content\/u0rzlklqmx\/jpeg\/MobilePay_DirectPay_66_Promo_Tout_640x640_02.jpeg?keep=c&#038;crop=yes&#038;color=ffffffff&#038;quality=54&#038;u=mw5qdv\" alt=\"\">\n\t\t\n\t<\/picture>\n\t<div class=\"split-card__content\">\n\t\t<div class=\"split-card__content-inner\">\n\t\t\t\n\n<h2 class=\"wp-block-heading has-76-blue-color has-text-color\">Oferta de Direct Pay<\/h2>\n\n\n\n<p>Ahorra 15\u00a2 por gal\u00f3n al usar Direct Pay cuando compras combustible con la app Fuel Forward<sup>\u00ae<\/sup>. Oferta v\u00e1lida hasta el 12\/31\/25. Direct Pay es una manera de conectar tu cuenta de cheques para pagar en la app Fuel Forward<sup>\u00ae<\/sup>. Al inscribirte, verificar\u00e1s tu cuenta bancaria para ayudar a activar protecciones para mantener seguros a ti y a tu dinero. Adem\u00e1s, cuando usas Direct Pay, no hay cargos por transacci\u00f3n, ya que el dinero proviene directamente de tu cuenta de cheques. Direct Pay ha sido creado por Buy It Mobility (BIM).<\/p>\n\n\n\n<div class=\"wp-block-buttons is-layout-flex wp-block-buttons-is-layout-flex\">\n<div class=\"wp-block-button\"><a class=\"wp-block-button__link wp-element-button\" href=\"http:\/\/onelink.to\/xpxtfg\" target=\"_blank\" rel=\"noreferrer noopener\">Descargar Ahora<\/a><\/div>\n<\/div>\n\n\n\n<p class=\"has-tiny-font-size\">*15\u00a2 es una combinaci\u00f3n de ahorros de 5\u00a2 de descuento por gal\u00f3n diarios m\u00e1s 10\u00a2 de descuento por gal\u00f3n adicionales al usar Direct Pay en la app Fuel Forward<sup>\u00ae<\/sup>&nbsp;(hasta 30 galones). Oferta v\u00e1lida hasta el 12\/31\/2025. Solo en gasolineras participantes. Puede combinarse con otras ofertas. La oferta de 5\u00a2 de ahorro diario solo puede aplicarse una vez por transacci\u00f3n.<\/p>\n\n\t\t<\/div>\n\t<\/div>\n<\/div>\n\n\n<div class=\"split-card has-media-on-the-right wp-block-psx-split-card\">\n\t<picture class=\"split-card__image-wrapper\">\n\t\t<source srcset=\"https:\/\/phillips66.widen.net\/content\/3e5qtpsxvw\/jpeg\/2023_76_EmailGiveaway_Tout_640x640.jpeg?keep=c&#038;crop=yes&#038;color=ffffffff&#038;quality=54&#038;u=mw5qdv 375w\" sizes=\"100vw\" media=\"(max-width: 47.938em)\">\n\t\t\t\t<source srcset=\"https:\/\/phillips66.widen.net\/content\/3e5qtpsxvw\/jpeg\/2023_76_EmailGiveaway_Tout_640x640.jpeg?keep=c&#038;crop=yes&#038;color=ffffffff&#038;quality=54&#038;u=mw5qdv 1000w\" sizes=\"100vw\" media=\"(min-width: 48em)\">\n\t\t\t\t<img decoding=\"async\" class=\"split-card__image\" src=\"https:\/\/phillips66.widen.net\/content\/3e5qtpsxvw\/jpeg\/2023_76_EmailGiveaway_Tout_640x640.jpeg?keep=c&#038;crop=yes&#038;color=ffffffff&#038;quality=54&#038;u=mw5qdv\" alt=\"\">\n\t\t\n\t<\/picture>\n\t<div class=\"split-card__content\">\n\t\t<div class=\"split-card__content-inner\">\n\t\t\t\n\n<h2 class=\"wp-block-heading has-76-blue-color has-text-color\">\u00bfTe sientes con suerte? Inscr\u00edbete ahora.<\/h2>\n\n\n\n<p>Reg\u00edstrate para recibir correos electr\u00f3nicos de 76<sup>\u00ae&nbsp;<\/sup>y empezar a ganar a lo grande. \u00a1Ingresa para tener la oportunidad de ganar $500 en gasolina que se cargar\u00e1n en tu app Fuel Forward<sup>\u00ae<\/sup>.<\/p>\n\n\n\n<div class=\"wp-block-buttons is-layout-flex wp-block-buttons-is-layout-flex\">\n<div class=\"wp-block-button\"><a class=\"wp-block-button__link wp-element-button\" href=\"https:\/\/develop.phillips66.com\/76com\/\/es\/configuar-email\/\">Inscr\u00edbete<\/a><\/div>\n<\/div>\n\n\t\t<\/div>\n\t<\/div>\n<\/div>\n\n\n<div class=\"split-card has-media-on-the-left wp-block-psx-split-card\">\n\t<picture class=\"split-card__image-wrapper\">\n\t\t<source srcset=\"https:\/\/phillips66.widen.net\/content\/5vbljaz7xg\/jpeg\/MobilePay_FF_RD_Promo_Tout_640x640_05.jpeg?keep=c&#038;crop=yes&#038;color=ffffffff&#038;quality=54&#038;u=mw5qdv 375w\" sizes=\"100vw\" media=\"(max-width: 47.938em)\">\n\t\t\t\t<source srcset=\"https:\/\/phillips66.widen.net\/content\/5vbljaz7xg\/jpeg\/MobilePay_FF_RD_Promo_Tout_640x640_05.jpeg?keep=c&#038;crop=yes&#038;color=ffffffff&#038;quality=54&#038;u=mw5qdv 1000w\" sizes=\"100vw\" media=\"(min-width: 48em)\">\n\t\t\t\t<img decoding=\"async\" class=\"split-card__image\" src=\"https:\/\/phillips66.widen.net\/content\/5vbljaz7xg\/jpeg\/MobilePay_FF_RD_Promo_Tout_640x640_05.jpeg?keep=c&#038;crop=yes&#038;color=ffffffff&#038;quality=54&#038;u=mw5qdv\" alt=\"\">\n\t\t\n\t<\/picture>\n\t<div class=\"split-card__content\">\n\t\t<div class=\"split-card__content-inner\">\n\t\t\t\n\n<h2 class=\"wp-block-heading has-76-blue-color has-text-color\">Oferta de di\u00e9sel renovable 76<sup>\u00ae<\/sup><\/h2>\n\n\n\n<p>Usa la app Fuel Forward<sup>\u00ae<\/sup>&nbsp;para llenar el tanque con di\u00e9sel renovable 76<sup>\u00ae<\/sup>&nbsp;y ahorra 30\u00a2* por gal\u00f3n con cada compra. La oferta termina el 12\/31\/2025.<\/p>\n\n\n\n<div class=\"wp-block-buttons is-layout-flex wp-block-buttons-is-layout-flex\">\n<div class=\"wp-block-button\"><a class=\"wp-block-button__link wp-element-button\" href=\"http:\/\/onelink.to\/xpxtfg\" target=\"_blank\" rel=\"noreferrer noopener\">Descargar Ahora<\/a><\/div>\n<\/div>\n\n\n\n<p class=\"has-tiny-font-size\">*30\u00a2 es una combinaci\u00f3n de ahorros de 5\u00a2 de descuento por gal\u00f3n diarios m\u00e1s 25\u00a2 de descuento por gal\u00f3n adicionales al comprar di\u00e9sel renovable con la app Fuel Forward<sup>\u00ae<\/sup>&nbsp;(l\u00edmite de 30 galones). Oferta v\u00e1lida hasta 12\/31\/2025. Solo en gasolineras participantes en California. Puede combinarse con otras ofertas. La oferta de 5\u00a2 de ahorro diario solo puede aplicarse una vez por transacci\u00f3n.<\/p>\n\n\t\t<\/div>\n\t<\/div>\n<\/div>\n\n\n<div class=\"split-card has-media-on-the-right wp-block-psx-split-card\">\n\t<picture class=\"split-card__image-wrapper\">\n\t\t<source srcset=\"https:\/\/phillips66.widen.net\/content\/hszggigk81\/jpeg\/promo-broncos-03.jpeg?keep=c&#038;crop=yes&#038;color=ffffffff&#038;quality=54&#038;u=mw5qdv 375w\" sizes=\"100vw\" media=\"(max-width: 47.938em)\">\n\t\t\t\t<source srcset=\"https:\/\/phillips66.widen.net\/content\/hszggigk81\/jpeg\/promo-broncos-03.jpeg?keep=c&#038;crop=yes&#038;color=ffffffff&#038;quality=54&#038;u=mw5qdv 1000w\" sizes=\"100vw\" media=\"(min-width: 48em)\">\n\t\t\t\t<img decoding=\"async\" class=\"split-card__image\" src=\"https:\/\/phillips66.widen.net\/content\/hszggigk81\/jpeg\/promo-broncos-03.jpeg?keep=c&#038;crop=yes&#038;color=ffffffff&#038;quality=54&#038;u=mw5qdv\" alt=\"\">\n\t\t\n\t<\/picture>\n\t<div class=\"split-card__content\">\n\t\t<div class=\"split-card__content-inner\">\n\t\t\t\n\n<h2 class=\"wp-block-heading has-76-blue-color has-text-color\">Mejora tus recompensas por gal\u00f3n.<\/h2>\n\n\n\n<p>Obt\u00e9n gratis una tarjeta KickBack<sup>\u00ae<\/sup>&nbsp;en cualquier gasolinera 76<sup>\u00ae<\/sup>&nbsp;participante y gana puntos que puedes usar como efectivo para gasolina y otros productos. Para canjear los puntos y calificar para participar en sorteos de premios debes estar inscrito en el programa KickBack<sup>\u00ae<\/sup>&nbsp;Points.<\/p>\n\n\n\n<div class=\"wp-block-buttons is-vertical is-layout-flex wp-container-core-buttons-is-layout-8cf370e7 wp-block-buttons-is-layout-flex\">\n<div class=\"wp-block-button\"><a class=\"wp-block-button__link wp-element-button\" href=\"https:\/\/develop.phillips66.com\/76com\/\/es\/localizador\/\">Encuentra Una Gasolinera<\/a><\/div>\n\n\n\n<div class=\"wp-block-button is-style-text-arrow-icon\"><a class=\"wp-block-button__link wp-element-button\" href=\"https:\/\/develop.phillips66.com\/76com\/\/es\/recompensas-kickback\/\">Conoce M\u00e1s Sobre KickBack<sup>\u00ae<\/sup> Points<\/a><\/div>\n<\/div>\n\n\t\t<\/div>\n\t<\/div>\n<\/div>\n\n\n<div class=\"split-card has-media-on-the-left wp-block-psx-split-card\">\n\t<picture class=\"split-card__image-wrapper\">\n\t\t<source srcset=\"https:\/\/phillips66.widen.net\/content\/7mpa1oywas\/jpeg\/promo-survey.jpeg?keep=c&#038;crop=yes&#038;color=ffffffff&#038;quality=54&#038;u=mw5qdv 375w\" sizes=\"100vw\" media=\"(max-width: 47.938em)\">\n\t\t\t\t<source srcset=\"https:\/\/phillips66.widen.net\/content\/7mpa1oywas\/jpeg\/promo-survey.jpeg?keep=c&#038;crop=yes&#038;color=ffffffff&#038;quality=54&#038;u=mw5qdv 1000w\" sizes=\"100vw\" media=\"(min-width: 48em)\">\n\t\t\t\t<img decoding=\"async\" class=\"split-card__image\" src=\"https:\/\/phillips66.widen.net\/content\/7mpa1oywas\/jpeg\/promo-survey.jpeg?keep=c&#038;crop=yes&#038;color=ffffffff&#038;quality=54&#038;u=mw5qdv\" alt=\"\">\n\t\t\n\t<\/picture>\n\t<div class=\"split-card__content\">\n\t\t<div class=\"split-card__content-inner\">\n\t\t\t\n\n<h2 class=\"wp-block-heading has-76-blue-color has-text-color\">Visita una gasolinera.<br>Llena una encuesta.<br>Inscr\u00edbete para ganar.<\/h2>\n\n\n\n<p>\u00bfHas visitado \u00faltimamente una gasolinera? \u00a1Participa en una r\u00e1pida encuesta sobre tu experiencia de compra en&nbsp;<a rel=\"noreferrer noopener\" href=\"http:\/\/www.gasvisit.com\/\" target=\"_blank\">www.gasvisit.com<\/a>! Tu opini\u00f3n nos ayuda a mejorar. Adem\u00e1s, tendr\u00e1s la oportunidad de ganar una tarjeta de gasolina de $25. Hay 60 ganadores al mes.*<\/p>\n\n\n\n<div class=\"wp-block-buttons is-vertical is-layout-flex wp-container-core-buttons-is-layout-8cf370e7 wp-block-buttons-is-layout-flex\">\n<div class=\"wp-block-button\"><a class=\"wp-block-button__link wp-element-button\" href=\"https:\/\/www.76feedback.com\/p66feedback\/visit_76\/home\" target=\"_blank\" rel=\"noreferrer noopener\">Participa En La Encuesta<\/a><\/div>\n\n\n\n<div class=\"wp-block-button is-style-text-arrow-icon\"><a class=\"wp-block-button__link wp-element-button\" href=\"https:\/\/www.76feedback.com\/p66feedback\/visit_76\/rules\" target=\"_blank\" rel=\"noreferrer noopener\">Ver Las Reglas Oficiales<\/a><\/div>\n<\/div>\n\n\n\n<p class=\"has-tiny-font-size\">*Para los detalles completos y la inscripci\u00f3n sin obligaci\u00f3n de compra, ver las reglas oficiales en&nbsp;<a rel=\"noreferrer noopener\" href=\"http:\/\/www.gasvisit.com\/\" target=\"_blank\">www.gasvisit.com<\/a>. Termina el \u00faltimo d\u00eda de cada trimestre calendario.<\/p>\n\n\t\t<\/div>\n\t<\/div>\n<\/div>\n","protected":false},"excerpt":{"rendered":"","protected":false},"author":5,"featured_media":0,"parent":0,"menu_order":0,"comment_status":"closed","ping_status":"closed","template":"","meta":{"psx_page_submenu_id":0,"footnotes":"","widen_thumbnail_url":"","widen_thumbnail_width":"","widen_thumbnail_height":"","widen_thumbnail_focal_point_x":"","widen_thumbnail_focal_point_y":"","psx_hide_title":false},"psx_promotion":[],"class_list":["post-27","page","type-page","status-publish","hentry"],"yoast_head":"<!-- This site is optimized with the Yoast SEO plugin v23.9 - https:\/\/yoast.com\/wordpress\/plugins\/seo\/ -->\n<title>Promociones y Ofertas para Conductores | 76\u00ae<\/title>\n<meta name=\"description\" content=\"Aqu\u00ed est\u00e1n nuestras promociones y oportunidades para obtener recompensas. \u00a1Usa la Fuel Forward\u00ae app para mantenerte al tanto de lo que estamos ofreciendo!\" \/>\n<meta name=\"robots\" content=\"index, follow, max-snippet:-1, max-image-preview:large, max-video-preview:-1\" \/>\n<link rel=\"canonical\" href=\"https:\/\/develop.phillips66.com\/76com\/es\/promociones-y-ofertas\/\" \/>\n<meta property=\"og:locale\" content=\"en_US\" \/>\n<meta property=\"og:type\" content=\"article\" \/>\n<meta property=\"og:title\" content=\"Promociones y Ofertas para Conductores | 76\u00ae\" \/>\n<meta property=\"og:description\" content=\"Aqu\u00ed est\u00e1n nuestras promociones y oportunidades para obtener recompensas. \u00a1Usa la Fuel Forward\u00ae app para mantenerte al tanto de lo que estamos ofreciendo!\" \/>\n<meta property=\"og:url\" content=\"https:\/\/develop.phillips66.com\/76com\/es\/promociones-y-ofertas\/\" \/>\n<meta property=\"og:site_name\" content=\"76 Gas Stations\" \/>\n<meta property=\"article:publisher\" content=\"https:\/\/www.facebook.com\/76gas\" \/>\n<meta property=\"article:modified_time\" content=\"2025-12-10T15:33:20+00:00\" \/>\n<meta name=\"twitter:card\" content=\"summary_large_image\" \/>\n<meta name=\"twitter:site\" content=\"@76\" \/>\n<script type=\"application\/ld+json\" class=\"yoast-schema-graph\">{\n\t    \"@context\": \"https:\/\/schema.org\",\n\t    \"@graph\": [\n\t        {\n\t            \"@type\": \"WebPage\",\n\t            \"@id\": \"https:\/\/develop.phillips66.com\/76com\/es\/promociones-y-ofertas\/\",\n\t            \"url\": \"https:\/\/develop.phillips66.com\/76com\/es\/promociones-y-ofertas\/\",\n\t            \"name\": \"Promociones y Ofertas para Conductores | 76\u00ae\",\n\t            \"isPartOf\": {\n\t                \"@id\": \"https:\/\/develop.phillips66.com\/76com\/#website\"\n\t            },\n\t            \"datePublished\": \"2023-05-29T13:42:14+00:00\",\n\t            \"dateModified\": \"2025-12-10T15:33:20+00:00\",\n\t            \"description\": \"Aqu\u00ed est\u00e1n nuestras promociones y oportunidades para obtener recompensas. \u00a1Usa la Fuel Forward\u00ae app para mantenerte al tanto de lo que estamos ofreciendo!\",\n\t            \"breadcrumb\": {\n\t                \"@id\": \"https:\/\/develop.phillips66.com\/76com\/es\/promociones-y-ofertas\/#breadcrumb\"\n\t            },\n\t            \"inLanguage\": \"en-US\",\n\t            \"potentialAction\": [\n\t                {\n\t                    \"@type\": \"ReadAction\",\n\t                    \"target\": [\n\t                        \"https:\/\/develop.phillips66.com\/76com\/es\/promociones-y-ofertas\/\"\n\t                    ]\n\t                }\n\t            ]\n\t        },\n\t        {\n\t            \"@type\": \"BreadcrumbList\",\n\t            \"@id\": \"https:\/\/develop.phillips66.com\/76com\/es\/promociones-y-ofertas\/#breadcrumb\",\n\t            \"itemListElement\": [\n\t                {\n\t                    \"@type\": \"ListItem\",\n\t                    \"position\": 1,\n\t                    \"name\": \"Home\",\n\t                    \"item\": \"https:\/\/develop.phillips66.com\/76com\/\"\n\t                },\n\t                {\n\t                    \"@type\": \"ListItem\",\n\t                    \"position\": 2,\n\t                    \"name\": \"Promociones y Ofertas\"\n\t                }\n\t            ]\n\t        },\n\t        {\n\t            \"@type\": \"WebSite\",\n\t            \"@id\": \"https:\/\/develop.phillips66.com\/76com\/#website\",\n\t            \"url\": \"https:\/\/develop.phillips66.com\/76com\/\",\n\t            \"name\": \"76 Gas Stations\",\n\t            \"description\": \"\",\n\t            \"potentialAction\": [\n\t                {\n\t                    \"@type\": \"SearchAction\",\n\t                    \"target\": {\n\t                        \"@type\": \"EntryPoint\",\n\t                        \"urlTemplate\": \"https:\/\/develop.phillips66.com\/76com\/?s={search_term_string}\"\n\t                    },\n\t                    \"query-input\": {\n\t                        \"@type\": \"PropertyValueSpecification\",\n\t                        \"valueRequired\": true,\n\t                        \"valueName\": \"search_term_string\"\n\t                    }\n\t                }\n\t            ],\n\t            \"inLanguage\": \"en-US\",\n\t            \"publisher\": {\n\t                \"@id\": \"https:\/\/develop.phillips66.com\/76com\/#\/schema\/Organization\/1\"\n\t            }\n\t        },\n\t        {\n\t            \"@type\": \"Organization\",\n\t            \"@id\": \"https:\/\/develop.phillips66.com\/76com\/#\/schema\/Organization\/1\",\n\t            \"name\": \"76 Gas Stations\",\n\t            \"url\": \"https:\/\/develop.phillips66.com\/76com\/\",\n\t            \"logo\": {\n\t                \"@type\": \"ImageObject\",\n\t                \"inLanguage\": \"en-US\",\n\t                \"@id\": \"https:\/\/develop.phillips66.com\/76com\/#\/schema\/logo\/image\/\",\n\t                \"url\": \"https:\/\/develop.phillips66.com\/76com\/wp-content\/client-mu-plugins\/psx-yoast\/images\/p76-android-chrome-192.png\",\n\t                \"contentUrl\": \"https:\/\/develop.phillips66.com\/76com\/wp-content\/client-mu-plugins\/psx-yoast\/images\/p76-android-chrome-192.png\",\n\t                \"caption\": \"76 Gas\",\n\t                \"width\": 192,\n\t                \"height\": 192\n\t            },\n\t            \"image\": {\n\t                \"@id\": \"https:\/\/develop.phillips66.com\/76com\/#\/schema\/logo\/image\/\"\n\t            },\n\t            \"sameAs\": [\n\t                \"https:\/\/www.instagram.com\/76\",\n\t                \"https:\/\/www.facebook.com\/76gas\",\n\t                \"https:\/\/www.youtube.com\/user\/76Gasoline\"\n\t            ]\n\t        }\n\t    ]\n\t}<\/script>\n<!-- \/ Yoast SEO plugin. -->","yoast_head_json":{"title":"Promociones y Ofertas para Conductores | 76\u00ae","description":"Aqu\u00ed est\u00e1n nuestras promociones y oportunidades para obtener recompensas. \u00a1Usa la Fuel Forward\u00ae app para mantenerte al tanto de lo que estamos ofreciendo!","robots":{"index":"index","follow":"follow","max-snippet":"max-snippet:-1","max-image-preview":"max-image-preview:large","max-video-preview":"max-video-preview:-1"},"canonical":"https:\/\/develop.phillips66.com\/76com\/es\/promociones-y-ofertas\/","og_locale":"en_US","og_type":"article","og_title":"Promociones y Ofertas para Conductores | 76\u00ae","og_description":"Aqu\u00ed est\u00e1n nuestras promociones y oportunidades para obtener recompensas. \u00a1Usa la Fuel Forward\u00ae app para mantenerte al tanto de lo que estamos ofreciendo!","og_url":"https:\/\/develop.phillips66.com\/76com\/es\/promociones-y-ofertas\/","og_site_name":"76 Gas Stations","article_publisher":"https:\/\/www.facebook.com\/76gas","article_modified_time":"2025-12-10T15:33:20+00:00","twitter_card":"summary_large_image","twitter_site":"@76","schema":{"@context":"https:\/\/schema.org","@graph":[{"@type":"WebPage","@id":"https:\/\/develop.phillips66.com\/76com\/es\/promociones-y-ofertas\/","url":"https:\/\/develop.phillips66.com\/76com\/es\/promociones-y-ofertas\/","name":"Promociones y Ofertas para Conductores | 76\u00ae","isPartOf":{"@id":"https:\/\/develop.phillips66.com\/76com\/#website"},"datePublished":"2023-05-29T13:42:14+00:00","dateModified":"2025-12-10T15:33:20+00:00","description":"Aqu\u00ed est\u00e1n nuestras promociones y oportunidades para obtener recompensas. \u00a1Usa la Fuel Forward\u00ae app para mantenerte al tanto de lo que estamos ofreciendo!","breadcrumb":{"@id":"https:\/\/develop.phillips66.com\/76com\/es\/promociones-y-ofertas\/#breadcrumb"},"inLanguage":"en-US","potentialAction":[{"@type":"ReadAction","target":["https:\/\/develop.phillips66.com\/76com\/es\/promociones-y-ofertas\/"]}]},{"@type":"BreadcrumbList","@id":"https:\/\/develop.phillips66.com\/76com\/es\/promociones-y-ofertas\/#breadcrumb","itemListElement":[{"@type":"ListItem","position":1,"name":"Home","item":"https:\/\/develop.phillips66.com\/76com\/"},{"@type":"ListItem","position":2,"name":"Promociones y Ofertas"}]},{"@type":"WebSite","@id":"https:\/\/develop.phillips66.com\/76com\/#website","url":"https:\/\/develop.phillips66.com\/76com\/","name":"76 Gas Stations","description":"","potentialAction":[{"@type":"SearchAction","target":{"@type":"EntryPoint","urlTemplate":"https:\/\/develop.phillips66.com\/76com\/?s={search_term_string}"},"query-input":{"@type":"PropertyValueSpecification","valueRequired":true,"valueName":"search_term_string"}}],"inLanguage":"en-US","publisher":{"@id":"https:\/\/develop.phillips66.com\/76com\/#\/schema\/Organization\/1"}},{"@type":"Organization","@id":"https:\/\/develop.phillips66.com\/76com\/#\/schema\/Organization\/1","name":"76 Gas Stations","url":"https:\/\/develop.phillips66.com\/76com\/","logo":{"@type":"ImageObject","inLanguage":"en-US","@id":"https:\/\/develop.phillips66.com\/76com\/#\/schema\/logo\/image\/","url":"https:\/\/develop.phillips66.com\/76com\/wp-content\/client-mu-plugins\/psx-yoast\/images\/p76-android-chrome-192.png","contentUrl":"https:\/\/develop.phillips66.com\/76com\/wp-content\/client-mu-plugins\/psx-yoast\/images\/p76-android-chrome-192.png","caption":"76 Gas","width":192,"height":192},"image":{"@id":"https:\/\/develop.phillips66.com\/76com\/#\/schema\/logo\/image\/"},"sameAs":["https:\/\/www.instagram.com\/76","https:\/\/www.facebook.com\/76gas","https:\/\/www.youtube.com\/user\/76Gasoline"]}]}},"lang":"es","translations":{"es":27,"en":25},"jetpack_sharing_enabled":true,"pll_sync_post":[],"_links":{"self":[{"href":"https:\/\/develop.phillips66.com\/76com\/wp-json\/wp\/v2\/pages\/27","targetHints":{"allow":["GET"]}}],"collection":[{"href":"https:\/\/develop.phillips66.com\/76com\/wp-json\/wp\/v2\/pages"}],"about":[{"href":"https:\/\/develop.phillips66.com\/76com\/wp-json\/wp\/v2\/types\/page"}],"author":[{"embeddable":true,"href":"https:\/\/develop.phillips66.com\/76com\/wp-json\/wp\/v2\/users\/5"}],"replies":[{"embeddable":true,"href":"https:\/\/develop.phillips66.com\/76com\/wp-json\/wp\/v2\/comments?post=27"}],"version-history":[{"count":84,"href":"https:\/\/develop.phillips66.com\/76com\/wp-json\/wp\/v2\/pages\/27\/revisions"}],"predecessor-version":[{"id":74976,"href":"https:\/\/develop.phillips66.com\/76com\/wp-json\/wp\/v2\/pages\/27\/revisions\/74976"}],"wp:attachment":[{"href":"https:\/\/develop.phillips66.com\/76com\/wp-json\/wp\/v2\/media?parent=27"}],"wp:term":[{"taxonomy":"psx_promotion","embeddable":true,"href":"https:\/\/develop.phillips66.com\/76com\/wp-json\/wp\/v2\/psx_promotion?post=27"}],"curies":[{"name":"wp","href":"https:\/\/api.w.org\/{rel}","templated":true}]}}